{"id":313,"date":"2022-01-14T11:50:52","date_gmt":"2022-01-14T14:50:52","guid":{"rendered":"https:\/\/hbsa-qa-dff3frg0hwhgbzb3.brazilsouth-01.azurewebsites.net\/?page_id=313"},"modified":"2024-10-29T16:02:22","modified_gmt":"2024-10-29T19:02:22","slug":"publicacoes-e-relatorios","status":"publish","type":"page","link":"https:\/\/hbsa-prd-qa-g7fghph0egg4fch4.brazilsouth-01.azurewebsites.net\/es\/sustentabilidade\/publicaciones-e-informes\/","title":{"rendered":"Publicaciones e Informes"},"content":{"rendered":"","protected":false},"excerpt":{"rendered":"","protected":false},"author":4,"featured_media":0,"parent":13,"menu_order":0,"comment_status":"closed","ping_status":"closed","template":"page-templates\/sustentabilidade-publicacoes.php","meta":{"footnotes":""},"class_list":["post-313","page","type-page","status-publish","hentry"],"acf":[],"yoast_head":"<!-- This site is optimized with the Yoast SEO plugin v24.6 - https:\/\/yoast.com\/wordpress\/plugins\/seo\/ -->\n<title>Publica\u00e7\u00f5es e Relat\u00f3rios - Hidrovias<\/title>\n<meta name=\"robots\" content=\"index, follow, max-snippet:-1, max-image-preview:large, max-video-preview:-1\" \/>\n<link rel=\"canonical\" href=\"http:\/\/sitehidroviasqa.hbsa.com.br\/es\/sustentabilidade\/publicaciones-e-informes\/\" \/>\n<meta property=\"og:locale\" content=\"es_ES\" \/>\n<meta property=\"og:type\" content=\"article\" \/>\n<meta property=\"og:title\" content=\"Publica\u00e7\u00f5es e Relat\u00f3rios - Hidrovias\" \/>\n<meta property=\"og:url\" content=\"http:\/\/sitehidroviasqa.hbsa.com.br\/es\/sustentabilidade\/publicaciones-e-informes\/\" \/>\n<meta property=\"og:site_name\" content=\"Hidrovias\" \/>\n<meta property=\"article:modified_time\" content=\"2024-10-29T19:02:22+00:00\" \/>\n<meta name=\"twitter:card\" content=\"summary_large_image\" \/>\n<script type=\"application\/ld+json\" class=\"yoast-schema-graph\">{\"@context\":\"https:\/\/schema.org\",\"@graph\":[{\"@type\":\"WebPage\",\"@id\":\"http:\/\/sitehidroviasqa.hbsa.com.br\/es\/sustentabilidade\/publicaciones-e-informes\/\",\"url\":\"http:\/\/sitehidroviasqa.hbsa.com.br\/es\/sustentabilidade\/publicaciones-e-informes\/\",\"name\":\"Publica\u00e7\u00f5es e Relat\u00f3rios - Hidrovias\",\"isPartOf\":{\"@id\":\"https:\/\/sitehidroviasqa.hbsa.com.br\/#website\"},\"datePublished\":\"2022-01-14T14:50:52+00:00\",\"dateModified\":\"2024-10-29T19:02:22+00:00\",\"breadcrumb\":{\"@id\":\"http:\/\/sitehidroviasqa.hbsa.com.br\/es\/sustentabilidade\/publicaciones-e-informes\/#breadcrumb\"},\"inLanguage\":\"es\",\"potentialAction\":[{\"@type\":\"ReadAction\",\"target\":[\"http:\/\/sitehidroviasqa.hbsa.com.br\/es\/sustentabilidade\/publicaciones-e-informes\/\"]}]},{\"@type\":\"BreadcrumbList\",\"@id\":\"http:\/\/sitehidroviasqa.hbsa.com.br\/es\/sustentabilidade\/publicaciones-e-informes\/#breadcrumb\",\"itemListElement\":[{\"@type\":\"ListItem\",\"position\":1,\"name\":\"Compromisso com a sustentabilidade\",\"item\":\"http:\/\/sitehidroviasqa.hbsa.com.br\/es\/sustentabilidade\/\"},{\"@type\":\"ListItem\",\"position\":2,\"name\":\"Publica\u00e7\u00f5es e Relat\u00f3rios\"}]},{\"@type\":\"WebSite\",\"@id\":\"https:\/\/sitehidroviasqa.hbsa.com.br\/#website\",\"url\":\"https:\/\/sitehidroviasqa.hbsa.com.br\/\",\"name\":\"Hidrovias\",\"description\":\"Hidrovias Descri\u00e7\u00e3o\",\"potentialAction\":[{\"@type\":\"SearchAction\",\"target\":{\"@type\":\"EntryPoint\",\"urlTemplate\":\"https:\/\/sitehidroviasqa.hbsa.com.br\/?s={search_term_string}\"},\"query-input\":{\"@type\":\"PropertyValueSpecification\",\"valueRequired\":true,\"valueName\":\"search_term_string\"}}],\"inLanguage\":\"es\"}]}<\/script>\n<!-- \/ Yoast SEO plugin. -->","yoast_head_json":{"title":"Publica\u00e7\u00f5es e Relat\u00f3rios - Hidrovias","robots":{"index":"index","follow":"follow","max-snippet":"max-snippet:-1","max-image-preview":"max-image-preview:large","max-video-preview":"max-video-preview:-1"},"canonical":"http:\/\/sitehidroviasqa.hbsa.com.br\/es\/sustentabilidade\/publicaciones-e-informes\/","og_locale":"es_ES","og_type":"article","og_title":"Publica\u00e7\u00f5es e Relat\u00f3rios - Hidrovias","og_url":"http:\/\/sitehidroviasqa.hbsa.com.br\/es\/sustentabilidade\/publicaciones-e-informes\/","og_site_name":"Hidrovias","article_modified_time":"2024-10-29T19:02:22+00:00","twitter_card":"summary_large_image","schema":{"@context":"https:\/\/schema.org","@graph":[{"@type":"WebPage","@id":"http:\/\/sitehidroviasqa.hbsa.com.br\/es\/sustentabilidade\/publicaciones-e-informes\/","url":"http:\/\/sitehidroviasqa.hbsa.com.br\/es\/sustentabilidade\/publicaciones-e-informes\/","name":"Publica\u00e7\u00f5es e Relat\u00f3rios - Hidrovias","isPartOf":{"@id":"https:\/\/sitehidroviasqa.hbsa.com.br\/#website"},"datePublished":"2022-01-14T14:50:52+00:00","dateModified":"2024-10-29T19:02:22+00:00","breadcrumb":{"@id":"http:\/\/sitehidroviasqa.hbsa.com.br\/es\/sustentabilidade\/publicaciones-e-informes\/#breadcrumb"},"inLanguage":"es","potentialAction":[{"@type":"ReadAction","target":["http:\/\/sitehidroviasqa.hbsa.com.br\/es\/sustentabilidade\/publicaciones-e-informes\/"]}]},{"@type":"BreadcrumbList","@id":"http:\/\/sitehidroviasqa.hbsa.com.br\/es\/sustentabilidade\/publicaciones-e-informes\/#breadcrumb","itemListElement":[{"@type":"ListItem","position":1,"name":"Compromisso com a sustentabilidade","item":"http:\/\/sitehidroviasqa.hbsa.com.br\/es\/sustentabilidade\/"},{"@type":"ListItem","position":2,"name":"Publica\u00e7\u00f5es e Relat\u00f3rios"}]},{"@type":"WebSite","@id":"https:\/\/sitehidroviasqa.hbsa.com.br\/#website","url":"https:\/\/sitehidroviasqa.hbsa.com.br\/","name":"Hidrovias","description":"Hidrovias Descri\u00e7\u00e3o","potentialAction":[{"@type":"SearchAction","target":{"@type":"EntryPoint","urlTemplate":"https:\/\/sitehidroviasqa.hbsa.com.br\/?s={search_term_string}"},"query-input":{"@type":"PropertyValueSpecification","valueRequired":true,"valueName":"search_term_string"}}],"inLanguage":"es"}]}},"_links":{"self":[{"href":"https:\/\/hbsa-prd-qa-g7fghph0egg4fch4.brazilsouth-01.azurewebsites.net\/es\/wp-json\/wp\/v2\/pages\/313","targetHints":{"allow":["GET"]}}],"collection":[{"href":"https:\/\/hbsa-prd-qa-g7fghph0egg4fch4.brazilsouth-01.azurewebsites.net\/es\/wp-json\/wp\/v2\/pages"}],"about":[{"href":"https:\/\/hbsa-prd-qa-g7fghph0egg4fch4.brazilsouth-01.azurewebsites.net\/es\/wp-json\/wp\/v2\/types\/page"}],"author":[{"embeddable":true,"href":"https:\/\/hbsa-prd-qa-g7fghph0egg4fch4.brazilsouth-01.azurewebsites.net\/es\/wp-json\/wp\/v2\/users\/4"}],"replies":[{"embeddable":true,"href":"https:\/\/hbsa-prd-qa-g7fghph0egg4fch4.brazilsouth-01.azurewebsites.net\/es\/wp-json\/wp\/v2\/comments?post=313"}],"version-history":[{"count":37,"href":"https:\/\/hbsa-prd-qa-g7fghph0egg4fch4.brazilsouth-01.azurewebsites.net\/es\/wp-json\/wp\/v2\/pages\/313\/revisions"}],"predecessor-version":[{"id":3179,"href":"https:\/\/hbsa-prd-qa-g7fghph0egg4fch4.brazilsouth-01.azurewebsites.net\/es\/wp-json\/wp\/v2\/pages\/313\/revisions\/3179"}],"up":[{"embeddable":true,"href":"https:\/\/hbsa-prd-qa-g7fghph0egg4fch4.brazilsouth-01.azurewebsites.net\/es\/wp-json\/wp\/v2\/pages\/13"}],"wp:attachment":[{"href":"https:\/\/hbsa-prd-qa-g7fghph0egg4fch4.brazilsouth-01.azurewebsites.net\/es\/wp-json\/wp\/v2\/media?parent=313"}],"curies":[{"name":"wp","href":"https:\/\/api.w.org\/{rel}","templated":true}]}}